{"id":18,"date":"2021-05-06T10:52:15","date_gmt":"2021-05-06T10:52:15","guid":{"rendered":"https:\/\/aledeleonmoreno.com\/blog\/?page_id=18"},"modified":"2023-03-14T13:28:34","modified_gmt":"2023-03-14T13:28:34","slug":"alejandro-de-leon","status":"publish","type":"page","link":"https:\/\/aledeleonmoreno.com\/blog\/index.php\/alejandro-de-leon\/","title":{"rendered":"\u00bfQui\u00e9n es Ale?"},"content":{"rendered":"\n<p>Se me ocurre este proyecto por <strong>tener tanto acceso a la informaci\u00f3n y por ser esta tan f\u00e1cil de consumir. <\/strong>Hablo de los \u201csospechosos habituales\u201d: Google, YouTube, WhatsApp, Wikipedia, pero tambi\u00e9n de excepcionales canales de divulgaci\u00f3n como el del economista Juan Ramon Rallo, el cirujano de la estad\u00edstica Max Roser o el maravilloso canal VisualPolitik.&nbsp;<\/p>\n\n\n\n<p>Quiero proponer 100 ideas a mi pa\u00eds, ciudad, pueblo o comunidad de vecinos porque, en el mundo en que nos ha tocado vivir, <strong>las medidas son aplicables a lo micro y a lo macro.<\/strong> \u00a1La tecnolog\u00eda nos lo permite, viva la tecnolog\u00eda!<\/p>\n\n\n\n<p>Ale nace en 1982. En 1986 descubre Star Wars. En 2002 lee El Aleph de Borges. En 2010 co-funda Bluemove. En 2012 funda <strong><a rel=\"noreferrer noopener\" href=\"https:\/\/tuuulibreria.org\/#\/\" target=\"_blank\">TuuuLibrer\u00eda<\/a><\/strong><em>.<\/em> En 2015 funda <strong><a rel=\"noreferrer noopener\" href=\"https:\/\/www.microwd.es\/\" target=\"_blank\">MICROWD<\/a><\/strong> y <a rel=\"noreferrer noopener\" href=\"https:\/\/animaventures.com\/\" target=\"_blank\"><strong>\u00c1nima Ventures<\/strong>.<\/a> En 2017 descubre la obra de Antonio Escohotado. Entre 2019 y 2020 estudia EMBA + Humanidades y un Grado en Filosof\u00eda. En 2022 co-funda <a rel=\"noreferrer noopener\" href=\"https:\/\/tutecho.es\/\" target=\"_blank\"><strong>tech\u00f4<\/strong><\/a>.<\/p>\n","protected":false},"excerpt":{"rendered":"<p>Se me ocurre este proyecto por tener tanto acceso a la informaci\u00f3n y por ser esta tan f\u00e1cil de consumir. Hablo de los \u201csospechosos habituales\u201d: Google, YouTube, WhatsApp, Wikipedia, pero tambi\u00e9n de excepcionales canales de divulgaci\u00f3n como el del economista Juan Ramon Rallo, el cirujano de la estad\u00edstica Max Roser o el maravilloso canal VisualPolitik.&nbsp;&hellip;<\/p>\n","protected":false},"author":1,"featured_media":0,"parent":0,"menu_order":0,"comment_status":"closed","ping_status":"closed","template":"","meta":[],"_links":{"self":[{"href":"https:\/\/aledeleonmoreno.com\/blog\/index.php\/wp-json\/wp\/v2\/pages\/18"}],"collection":[{"href":"https:\/\/aledeleonmoreno.com\/blog\/index.php\/wp-json\/wp\/v2\/pages"}],"about":[{"href":"https:\/\/aledeleonmoreno.com\/blog\/index.php\/wp-json\/wp\/v2\/types\/page"}],"author":[{"embeddable":true,"href":"https:\/\/aledeleonmoreno.com\/blog\/index.php\/wp-json\/wp\/v2\/users\/1"}],"replies":[{"embeddable":true,"href":"https:\/\/aledeleonmoreno.com\/blog\/index.php\/wp-json\/wp\/v2\/comments?post=18"}],"version-history":[{"count":6,"href":"https:\/\/aledeleonmoreno.com\/blog\/index.php\/wp-json\/wp\/v2\/pages\/18\/revisions"}],"predecessor-version":[{"id":454,"href":"https:\/\/aledeleonmoreno.com\/blog\/index.php\/wp-json\/wp\/v2\/pages\/18\/revisions\/454"}],"wp:attachment":[{"href":"https:\/\/aledeleonmoreno.com\/blog\/index.php\/wp-json\/wp\/v2\/media?parent=18"}],"curies":[{"name":"wp","href":"https:\/\/api.w.org\/{rel}","templated":true}]}}